{"id":7954,"date":"2021-06-07T09:11:06","date_gmt":"2021-06-07T07:11:06","guid":{"rendered":"https:\/\/dger.beniculturali.it\/?page_id=7954"},"modified":"2021-06-07T09:11:06","modified_gmt":"2021-06-07T07:11:06","slug":"andrea-de-pasquale","status":"publish","type":"page","link":"https:\/\/dgeric.cultura.gov.it\/en\/andrea-de-pasquale\/","title":{"rendered":"Andrea De Pasquale"},"content":{"rendered":"<p><strong>Andrea De Pasquale<\/strong><\/p>\n<p>Dottore di ricerca in Storia del libro all\u2019\u00c9cole Pratique des Hautes \u00c9tudes (Sorbonne) di Parigi<u>, <\/u>\u00e8 stato bibliotecario della Biblioteca Nazionale Universitaria di Torino, successivamente direttore della\u00a0Biblioteca Palatina di Parma\u00a0<u>(2008-2011)<\/u>, della Biblioteca Nazionale Braidense di Milano\u00a0<u>(2011-2014)\u00a0<\/u>e della Biblioteca Nazionale Universitaria di Torino\u00a0<u>(2008-2015)<\/u>.<\/p>\n<p>Dal 2014 \u00e8 direttore della Biblioteca Nazionale Centrale di Roma e, dal 2020, direttore del Servizio I \u2013 <em>Ufficio studi<\/em> della Direzione generale educazione, ricerca e istituti culturali.<\/p>\n<p>\u00c9 inoltre direttore scientifico della Fondazione Museo Bodoniano, membro del comitato scientifico della Fondazione L. Firpo di Torino, membro del Centre Gabriel Naud\u00e9 dell\u2019\u00c9cole nationale sup\u00e9rieure des sciences de l&#8217;information et des biblioth\u00e8ques di Lione, docente alla Scuola di Alta formazione dell&#8217;ICRCPAL &#8211; Istituto centrale per il restauro e la conservazione del patrimonio archivistico e librario e alla Sapienza Universit\u00e0 di Roma.<\/p>\n<p>\u00c9 stato membro del Comitato tecnico-scientifico di biblioteche e istituti culturali del MiBACT e ha insegnato presso l\u2019\u00c9cole Nationale de Chartes di Parigi, l\u2019Universit\u00e0 del Piemonte orientale, le Universit\u00e0 di Bologna, Torino, Siena.<\/p>\n<p>\u00c9 autore di numerose pubblicazioni e saggi inerenti soprattutto la storia del libro e delle biblioteche (i.e. <em>La fucina dei caratteri. Gli strumenti di lavoro di Giambattista Bodoni<\/em>\u00a0(2010)\u00a0;\u00a0<em>I capolavori della tipografia di Giambattista Bodoni<\/em>\u00a0(2012);\u00a0<em>Che cos\u2019\u00e8 la bibliologia <\/em>(2018);\u00a0<em>La fabbrica delle parole.\u00a0<\/em><em>Le tecniche e i sistemi di produzione del libro a stampa tra XV e XIX secolo<\/em>\u00a0(2018);\u00a0<em>Il lauro dimezzato. Il primo secolo di vita della Biblioteca nazionale centrale di Roma<\/em>\u00a0(2020).<\/p>\n<p><strong><em>\u00a0<\/em><\/strong><\/p>","protected":false},"excerpt":{"rendered":"<p>Andrea De Pasquale Dottore di ricerca in Storia del libro all\u2019\u00c9cole Pratique des Hautes \u00c9tudes (Sorbonne) di Parigi, \u00e8 stato bibliotecario della Biblioteca Nazionale Universitaria &#8230; <\/p>","protected":false},"author":1,"featured_media":0,"parent":0,"menu_order":0,"comment_status":"closed","ping_status":"closed","template":"","meta":{"footnotes":""},"class_list":["post-7954","page","type-page","status-publish","hentry"],"acf":[],"yoast_head":"<!-- This site is optimized with the Yoast SEO plugin v23.3 - https:\/\/yoast.com\/wordpress\/plugins\/seo\/ -->\n<title>Andrea De Pasquale - Direzione Generale Educazione, ricerca e istituti culturali<\/title>\n<meta name=\"robots\" content=\"index, follow, max-snippet:-1, max-image-preview:large, max-video-preview:-1\" \/>\n<link rel=\"canonical\" href=\"https:\/\/dgeric.cultura.gov.it\/en\/andrea-de-pasquale\/\" \/>\n<meta property=\"og:locale\" content=\"en_GB\" \/>\n<meta property=\"og:type\" content=\"article\" \/>\n<meta property=\"og:title\" content=\"Andrea De Pasquale - Direzione Generale Educazione, ricerca e istituti culturali\" \/>\n<meta property=\"og:description\" content=\"Andrea De Pasquale Dottore di ricerca in Storia del libro all\u2019\u00c9cole Pratique des Hautes \u00c9tudes (Sorbonne) di Parigi, \u00e8 stato bibliotecario della Biblioteca Nazionale Universitaria ...\" \/>\n<meta property=\"og:url\" content=\"https:\/\/dgeric.cultura.gov.it\/en\/andrea-de-pasquale\/\" \/>\n<meta property=\"og:site_name\" content=\"Direzione Generale Educazione, ricerca e istituti culturali\" \/>\n<meta property=\"article:publisher\" content=\"https:\/\/www.facebook.com\/dger.web\" \/>\n<meta property=\"og:image\" content=\"https:\/\/dgeric.cultura.gov.it\/wp-content\/uploads\/2023\/04\/sito-09.png\" \/>\n\t<meta property=\"og:image:width\" content=\"2136\" \/>\n\t<meta property=\"og:image:height\" content=\"1396\" \/>\n\t<meta property=\"og:image:type\" content=\"image\/png\" \/>\n<meta name=\"twitter:card\" content=\"summary_large_image\" \/>\n<meta name=\"twitter:label1\" content=\"Estimated reading time\" \/>\n\t<meta name=\"twitter:data1\" content=\"1 minute\" \/>\n<script type=\"application\/ld+json\" class=\"yoast-schema-graph\">{\"@context\":\"https:\/\/schema.org\",\"@graph\":[{\"@type\":\"WebPage\",\"@id\":\"https:\/\/dgeric.cultura.gov.it\/andrea-de-pasquale\/\",\"url\":\"https:\/\/dgeric.cultura.gov.it\/andrea-de-pasquale\/\",\"name\":\"Andrea De Pasquale - Direzione Generale Educazione, ricerca e istituti culturali\",\"isPartOf\":{\"@id\":\"https:\/\/dgeric.cultura.gov.it\/#website\"},\"datePublished\":\"2021-06-07T07:11:06+00:00\",\"dateModified\":\"2021-06-07T07:11:06+00:00\",\"breadcrumb\":{\"@id\":\"https:\/\/dgeric.cultura.gov.it\/andrea-de-pasquale\/#breadcrumb\"},\"inLanguage\":\"en-GB\",\"potentialAction\":[{\"@type\":\"ReadAction\",\"target\":[\"https:\/\/dgeric.cultura.gov.it\/andrea-de-pasquale\/\"]}]},{\"@type\":\"BreadcrumbList\",\"@id\":\"https:\/\/dgeric.cultura.gov.it\/andrea-de-pasquale\/#breadcrumb\",\"itemListElement\":[{\"@type\":\"ListItem\",\"position\":1,\"name\":\"Home\",\"item\":\"https:\/\/dgeric.cultura.gov.it\/\"},{\"@type\":\"ListItem\",\"position\":2,\"name\":\"Andrea De Pasquale\"}]},{\"@type\":\"WebSite\",\"@id\":\"https:\/\/dgeric.cultura.gov.it\/#website\",\"url\":\"https:\/\/dgeric.cultura.gov.it\/\",\"name\":\"Direzione Generale Educazione, ricerca e istituti culturali\",\"description\":\"Il nuovo sito web della Direzione generale Educazione, ricerca e istituti culturali del Ministero della cultura\",\"alternateName\":\"dgeric\",\"potentialAction\":[{\"@type\":\"SearchAction\",\"target\":{\"@type\":\"EntryPoint\",\"urlTemplate\":\"https:\/\/dgeric.cultura.gov.it\/?s={search_term_string}\"},\"query-input\":\"required name=search_term_string\"}],\"inLanguage\":\"en-GB\"}]}<\/script>\n<!-- \/ Yoast SEO plugin. -->","yoast_head_json":{"title":"Andrea De Pasquale - Direzione Generale Educazione, ricerca e istituti culturali","robots":{"index":"index","follow":"follow","max-snippet":"max-snippet:-1","max-image-preview":"max-image-preview:large","max-video-preview":"max-video-preview:-1"},"canonical":"https:\/\/dgeric.cultura.gov.it\/en\/andrea-de-pasquale\/","og_locale":"en_GB","og_type":"article","og_title":"Andrea De Pasquale - Direzione Generale Educazione, ricerca e istituti culturali","og_description":"Andrea De Pasquale Dottore di ricerca in Storia del libro all\u2019\u00c9cole Pratique des Hautes \u00c9tudes (Sorbonne) di Parigi, \u00e8 stato bibliotecario della Biblioteca Nazionale Universitaria ...","og_url":"https:\/\/dgeric.cultura.gov.it\/en\/andrea-de-pasquale\/","og_site_name":"Direzione Generale Educazione, ricerca e istituti culturali","article_publisher":"https:\/\/www.facebook.com\/dger.web","og_image":[{"width":2136,"height":1396,"url":"https:\/\/dgeric.cultura.gov.it\/wp-content\/uploads\/2023\/04\/sito-09.png","type":"image\/png"}],"twitter_card":"summary_large_image","twitter_misc":{"Estimated reading time":"1 minute"},"schema":{"@context":"https:\/\/schema.org","@graph":[{"@type":"WebPage","@id":"https:\/\/dgeric.cultura.gov.it\/andrea-de-pasquale\/","url":"https:\/\/dgeric.cultura.gov.it\/andrea-de-pasquale\/","name":"Andrea De Pasquale - Direzione Generale Educazione, ricerca e istituti culturali","isPartOf":{"@id":"https:\/\/dgeric.cultura.gov.it\/#website"},"datePublished":"2021-06-07T07:11:06+00:00","dateModified":"2021-06-07T07:11:06+00:00","breadcrumb":{"@id":"https:\/\/dgeric.cultura.gov.it\/andrea-de-pasquale\/#breadcrumb"},"inLanguage":"en-GB","potentialAction":[{"@type":"ReadAction","target":["https:\/\/dgeric.cultura.gov.it\/andrea-de-pasquale\/"]}]},{"@type":"BreadcrumbList","@id":"https:\/\/dgeric.cultura.gov.it\/andrea-de-pasquale\/#breadcrumb","itemListElement":[{"@type":"ListItem","position":1,"name":"Home","item":"https:\/\/dgeric.cultura.gov.it\/"},{"@type":"ListItem","position":2,"name":"Andrea De Pasquale"}]},{"@type":"WebSite","@id":"https:\/\/dgeric.cultura.gov.it\/#website","url":"https:\/\/dgeric.cultura.gov.it\/","name":"Direzione Generale Educazione, ricerca e istituti culturali","description":"Il nuovo sito web della Direzione generale Educazione, ricerca e istituti culturali del Ministero della cultura","alternateName":"dgeric","potentialAction":[{"@type":"SearchAction","target":{"@type":"EntryPoint","urlTemplate":"https:\/\/dgeric.cultura.gov.it\/?s={search_term_string}"},"query-input":"required name=search_term_string"}],"inLanguage":"en-GB"}]}},"_links":{"self":[{"href":"https:\/\/dgeric.cultura.gov.it\/en\/wp-json\/wp\/v2\/pages\/7954","targetHints":{"allow":["GET"]}}],"collection":[{"href":"https:\/\/dgeric.cultura.gov.it\/en\/wp-json\/wp\/v2\/pages"}],"about":[{"href":"https:\/\/dgeric.cultura.gov.it\/en\/wp-json\/wp\/v2\/types\/page"}],"author":[{"embeddable":true,"href":"https:\/\/dgeric.cultura.gov.it\/en\/wp-json\/wp\/v2\/users\/1"}],"replies":[{"embeddable":true,"href":"https:\/\/dgeric.cultura.gov.it\/en\/wp-json\/wp\/v2\/comments?post=7954"}],"version-history":[{"count":0,"href":"https:\/\/dgeric.cultura.gov.it\/en\/wp-json\/wp\/v2\/pages\/7954\/revisions"}],"wp:attachment":[{"href":"https:\/\/dgeric.cultura.gov.it\/en\/wp-json\/wp\/v2\/media?parent=7954"}],"curies":[{"name":"wp","href":"https:\/\/api.w.org\/{rel}","templated":true}]}}